{"id":4555,"date":"2024-02-16T23:02:27","date_gmt":"2024-02-16T21:02:27","guid":{"rendered":"https:\/\/www.ksg-erfurt.de\/?page_id=4555"},"modified":"2026-02-26T18:47:13","modified_gmt":"2026-02-26T16:47:13","slug":"studierendenleben","status":"publish","type":"page","link":"https:\/\/www.ksg-erfurt.de\/en\/studierendenleben\/","title":{"rendered":"Accommodation&amp;Scholarships"},"content":{"rendered":"<div data-elementor-type=\"wp-page\" data-elementor-id=\"4555\" class=\"elementor elementor-4555\">\n\t\t\t\t\t\t<section class=\"elementor-section elementor-top-section elementor-element elementor-element-47a9d06 elementor-section-boxed elementor-section-height-default elementor-section-height-default\" data-id=\"47a9d06\" data-element_type=\"section\">\n\t\t\t\t\t\t<div class=\"elementor-container elementor-column-gap-default\">\n\t\t\t\t\t<div class=\"elementor-column elementor-col-100 elementor-top-column elementor-element elementor-element-6fc95ce\" data-id=\"6fc95ce\" data-element_type=\"column\">\n\t\t\t<div class=\"elementor-widget-wrap elementor-element-populated\">\n\t\t\t\t\t\t<div class=\"elementor-element elementor-element-4874dec elementor-widget elementor-widget-image\" data-id=\"4874dec\" data-element_type=\"widget\" data-widget_type=\"image.default\">\n\t\t\t\t<div class=\"elementor-widget-container\">\n\t\t\t<style>\/*! elementor - v3.20.0 - 20-03-2024 *\/\n.elementor-widget-image{text-align:center}.elementor-widget-image a{display:inline-block}.elementor-widget-image a img[src$=\".svg\"]{width:48px}.elementor-widget-image img{vertical-align:middle;display:inline-block}<\/style>\t\t\t\t\t\t\t\t\t\t<img fetchpriority=\"high\" decoding=\"async\" width=\"2560\" height=\"1707\" src=\"https:\/\/www.ksg-erfurt.de\/wp-content\/uploads\/2024\/03\/Studierenden-scaled.jpg\" class=\"attachment-full size-full wp-image-4823\" alt=\"\" srcset=\"https:\/\/www.ksg-erfurt.de\/wp-content\/uploads\/2024\/03\/Studierenden-scaled.jpg 2560w, https:\/\/www.ksg-erfurt.de\/wp-content\/uploads\/2024\/03\/Studierenden-300x200.jpg 300w, https:\/\/www.ksg-erfurt.de\/wp-content\/uploads\/2024\/03\/Studierenden-1024x683.jpg 1024w, https:\/\/www.ksg-erfurt.de\/wp-content\/uploads\/2024\/03\/Studierenden-768x512.jpg 768w, https:\/\/www.ksg-erfurt.de\/wp-content\/uploads\/2024\/03\/Studierenden-1536x1024.jpg 1536w, https:\/\/www.ksg-erfurt.de\/wp-content\/uploads\/2024\/03\/Studierenden-2048x1365.jpg 2048w, https:\/\/www.ksg-erfurt.de\/wp-content\/uploads\/2024\/03\/Studierenden-18x12.jpg 18w, https:\/\/www.ksg-erfurt.de\/wp-content\/uploads\/2024\/03\/Studierenden-930x620.jpg 930w, https:\/\/www.ksg-erfurt.de\/wp-content\/uploads\/2024\/03\/Studierenden-1320x880.jpg 1320w, https:\/\/www.ksg-erfurt.de\/wp-content\/uploads\/2024\/03\/Studierenden-24x16.jpg 24w, https:\/\/www.ksg-erfurt.de\/wp-content\/uploads\/2024\/03\/Studierenden-36x24.jpg 36w, https:\/\/www.ksg-erfurt.de\/wp-content\/uploads\/2024\/03\/Studierenden-48x32.jpg 48w\" sizes=\"(max-width: 2560px) 100vw, 2560px\" \/>\t\t\t\t\t\t\t\t\t\t\t\t\t<\/div>\n\t\t\t\t<\/div>\n\t\t\t\t\t<\/div>\n\t\t<\/div>\n\t\t\t\t\t<\/div>\n\t\t<\/section>\n\t\t\t\t<section class=\"elementor-section elementor-top-section elementor-element elementor-element-32f8dda elementor-section-boxed elementor-section-height-default elementor-section-height-default\" data-id=\"32f8dda\" data-element_type=\"section\">\n\t\t\t\t\t\t<div class=\"elementor-container elementor-column-gap-default\">\n\t\t\t\t\t<div class=\"elementor-column elementor-col-100 elementor-top-column elementor-element elementor-element-aee38f6\" data-id=\"aee38f6\" data-element_type=\"column\">\n\t\t\t<div class=\"elementor-widget-wrap elementor-element-populated\">\n\t\t\t\t\t\t<div class=\"elementor-element elementor-element-0b109ef elementor-widget elementor-widget-heading\" data-id=\"0b109ef\" data-element_type=\"widget\" data-widget_type=\"heading.default\">\n\t\t\t\t<div class=\"elementor-widget-container\">\n\t\t\t<style>\/*! elementor - v3.20.0 - 20-03-2024 *\/\n.elementor-heading-title{padding:0;margin:0;line-height:1}.elementor-widget-heading .elementor-heading-title[class*=elementor-size-]>a{color:inherit;font-size:inherit;line-height:inherit}.elementor-widget-heading .elementor-heading-title.elementor-size-small{font-size:15px}.elementor-widget-heading .elementor-heading-title.elementor-size-medium{font-size:19px}.elementor-widget-heading .elementor-heading-title.elementor-size-large{font-size:29px}.elementor-widget-heading .elementor-heading-title.elementor-size-xl{font-size:39px}.elementor-widget-heading .elementor-heading-title.elementor-size-xxl{font-size:59px}<\/style><h2 class=\"elementor-heading-title elementor-size-default\"><br>Room hunting<\/h2>\t\t<\/div>\n\t\t\t\t<\/div>\n\t\t\t\t\t<\/div>\n\t\t<\/div>\n\t\t\t\t\t<\/div>\n\t\t<\/section>\n\t\t\t\t<section class=\"elementor-section elementor-top-section elementor-element elementor-element-8326788 elementor-section-boxed elementor-section-height-default elementor-section-height-default\" data-id=\"8326788\" data-element_type=\"section\">\n\t\t\t\t\t\t<div class=\"elementor-container elementor-column-gap-default\">\n\t\t\t\t\t<div class=\"elementor-column elementor-col-100 elementor-top-column elementor-element elementor-element-30748f6\" data-id=\"30748f6\" data-element_type=\"column\">\n\t\t\t<div class=\"elementor-widget-wrap elementor-element-populated\">\n\t\t\t\t\t\t<div class=\"elementor-element elementor-element-59d97c7 elementor-widget elementor-widget-text-editor\" data-id=\"59d97c7\" data-element_type=\"widget\" data-widget_type=\"text-editor.default\">\n\t\t\t\t<div class=\"elementor-widget-container\">\n\t\t\t<style>\/*! elementor - v3.20.0 - 20-03-2024 *\/\n.elementor-widget-text-editor.elementor-drop-cap-view-stacked .elementor-drop-cap{background-color:#69727d;color:#fff}.elementor-widget-text-editor.elementor-drop-cap-view-framed .elementor-drop-cap{color:#69727d;border:3px solid;background-color:transparent}.elementor-widget-text-editor:not(.elementor-drop-cap-view-default) .elementor-drop-cap{margin-top:8px}.elementor-widget-text-editor:not(.elementor-drop-cap-view-default) .elementor-drop-cap-letter{width:1em;height:1em}.elementor-widget-text-editor .elementor-drop-cap{float:left;text-align:center;line-height:1;font-size:50px}.elementor-widget-text-editor .elementor-drop-cap-letter{display:inline-block}<\/style>\t\t\t\t<p>Are you looking for a roof over your head?<\/p>\n<p>There are several rooms in shared flats that are allocated to students via KSG. Please send enquiries to:&nbsp;<a href=\"mailto:ksg-erfurt@bistum-erfurt.de\">ksg-erfurt@bistum-erfurt.de<\/a><\/p><p>Nothing found?<\/p>\n<p>Then turn to this page:&nbsp;<a style=\"--linkdeco: underline;\" href=\"http:\/\/www.stw-thueringen.de\/deutsch\/wohnen\/wohnanlagen\/erfurt\/index.html\" target=\"_blank\" rel=\"noopener\">Studierendenwerk<\/a><\/p>\t\t\t\t\t\t<\/div>\n\t\t\t\t<\/div>\n\t\t\t\t\t<\/div>\n\t\t<\/div>\n\t\t\t\t\t<\/div>\n\t\t<\/section>\n\t\t\t\t<section class=\"elementor-section elementor-top-section elementor-element elementor-element-849bb39 elementor-section-boxed elementor-section-height-default elementor-section-height-default\" data-id=\"849bb39\" data-element_type=\"section\">\n\t\t\t\t\t\t<div class=\"elementor-container elementor-column-gap-default\">\n\t\t\t\t\t<div class=\"elementor-column elementor-col-100 elementor-top-column elementor-element elementor-element-9767549\" data-id=\"9767549\" data-element_type=\"column\">\n\t\t\t<div class=\"elementor-widget-wrap elementor-element-populated\">\n\t\t\t\t\t\t<div class=\"elementor-element elementor-element-b3ac7ed elementor-widget elementor-widget-heading\" data-id=\"b3ac7ed\" data-element_type=\"widget\" data-widget_type=\"heading.default\">\n\t\t\t\t<div class=\"elementor-widget-container\">\n\t\t\t<h2 class=\"elementor-heading-title elementor-size-default\"><br>Scholarship counselling<\/h2>\t\t<\/div>\n\t\t\t\t<\/div>\n\t\t\t\t\t<\/div>\n\t\t<\/div>\n\t\t\t\t\t<\/div>\n\t\t<\/section>\n\t\t\t\t<section class=\"elementor-section elementor-top-section elementor-element elementor-element-e272d88 elementor-section-boxed elementor-section-height-default elementor-section-height-default\" data-id=\"e272d88\" data-element_type=\"section\">\n\t\t\t\t\t\t<div class=\"elementor-container elementor-column-gap-default\">\n\t\t\t\t\t<div class=\"elementor-column elementor-col-100 elementor-top-column elementor-element elementor-element-9a25d59\" data-id=\"9a25d59\" data-element_type=\"column\">\n\t\t\t<div class=\"elementor-widget-wrap elementor-element-populated\">\n\t\t\t\t\t\t<div class=\"elementor-element elementor-element-657c471 elementor-widget elementor-widget-text-editor\" data-id=\"657c471\" data-element_type=\"widget\" data-widget_type=\"text-editor.default\">\n\t\t\t\t<div class=\"elementor-widget-container\">\n\t\t\t\t\t\t\t<p><strong>Cusanuswerk<\/strong><em><br \/><\/em>The Cusanuswerk is the study grant programme of the German Bishops' Conference and supports exceptionally talented students. An application only makes sense if you have good to excellent grades and a strong Christian commitment. The Cusanus Study Grant is designed to support undergraduate and\/or doctoral studies.<\/p><p><a href=\"http:\/\/www.cusanuswerk.de\/\" target=\"_blank\" rel=\"noopener\">Homepage of the Cusanuswerk<\/a><\/p><p>\u00a0<\/p><p><strong>Katholischer Akademischer Ausl\u00e4nderdienst (KAAD<\/strong><b>)<\/b><em><br \/><\/em>The Catholic Academic Foreigners Service is an ecclesiastical scholarship programme that enables young people from Africa, Asia, the Middle East and Latin America to study or carry out research at universities or similar institutions in Germany. KAAD seeks to contribute to the religious, cultural and scientific exchange between different cultures.<\/p><p><a href=\"https:\/\/www.kaad.de\/\">Homepage of the KAAD<\/a><\/p><p>\u00a0<\/p>\t\t\t\t\t\t<\/div>\n\t\t\t\t<\/div>\n\t\t\t\t\t<\/div>\n\t\t<\/div>\n\t\t\t\t\t<\/div>\n\t\t<\/section>\n\t\t\t\t<\/div>","protected":false},"excerpt":{"rendered":"<p>Zimmersuche Du suchst ein Dach \u00fcber dem Kopf? Es gibt mehrere WG-Zimmer, die \u00fcber die KSG an Studierende vergeben werden. Anfragen bitte \u00fcber:&nbsp;ksg-erfurt@bistum-erfurt.de Nichts gefunden? Dann wende dich hierhin:&nbsp;Studierendenwerk Stipendienberatung CusanuswerkDas Cusanuswerk ist die Studienf\u00f6rderung der Deutschen Bischofskonferenz und f\u00f6rdert \u00fcberdurchschnittlich begabte Studierende. Eine Bewerbung ist nur bei guten bis ausgezeichneten Leistungen und ausgepr\u00e4gtem christlichen&hellip;&nbsp;<a href=\"https:\/\/www.ksg-erfurt.de\/en\/studierendenleben\/\" class=\"\" rel=\"bookmark\">Read More &raquo;<span class=\"screen-reader-text\">Accommodation&amp;Scholarships<\/span><\/a><\/p>","protected":false},"author":5,"featured_media":0,"parent":0,"menu_order":0,"comment_status":"closed","ping_status":"closed","template":"","meta":{"neve_meta_sidebar":"","neve_meta_container":"","neve_meta_enable_content_width":"","neve_meta_content_width":0,"neve_meta_title_alignment":"","neve_meta_author_avatar":"","neve_post_elements_order":"","neve_meta_disable_header":"","neve_meta_disable_footer":"","neve_meta_disable_title":"","footnotes":""},"_links":{"self":[{"href":"https:\/\/www.ksg-erfurt.de\/en\/wp-json\/wp\/v2\/pages\/4555"}],"collection":[{"href":"https:\/\/www.ksg-erfurt.de\/en\/wp-json\/wp\/v2\/pages"}],"about":[{"href":"https:\/\/www.ksg-erfurt.de\/en\/wp-json\/wp\/v2\/types\/page"}],"author":[{"embeddable":true,"href":"https:\/\/www.ksg-erfurt.de\/en\/wp-json\/wp\/v2\/users\/5"}],"replies":[{"embeddable":true,"href":"https:\/\/www.ksg-erfurt.de\/en\/wp-json\/wp\/v2\/comments?post=4555"}],"version-history":[{"count":51,"href":"https:\/\/www.ksg-erfurt.de\/en\/wp-json\/wp\/v2\/pages\/4555\/revisions"}],"predecessor-version":[{"id":5728,"href":"https:\/\/www.ksg-erfurt.de\/en\/wp-json\/wp\/v2\/pages\/4555\/revisions\/5728"}],"wp:attachment":[{"href":"https:\/\/www.ksg-erfurt.de\/en\/wp-json\/wp\/v2\/media?parent=4555"}],"curies":[{"name":"wp","href":"https:\/\/api.w.org\/{rel}","templated":true}]}}