{"id":4548,"date":"2024-02-16T22:48:51","date_gmt":"2024-02-16T20:48:51","guid":{"rendered":"https:\/\/www.ksg-erfurt.de\/?page_id=4548"},"modified":"2026-04-14T12:50:27","modified_gmt":"2026-04-14T10:50:27","slug":"gemeinderat","status":"publish","type":"page","link":"https:\/\/www.ksg-erfurt.de\/en\/gemeinderat\/","title":{"rendered":"KSG Council"},"content":{"rendered":"<div data-elementor-type=\"wp-page\" data-elementor-id=\"4548\" class=\"elementor elementor-4548\">\n\t\t\t\t\t\t<section class=\"elementor-section elementor-top-section elementor-element elementor-element-bdf78be elementor-section-boxed elementor-section-height-default elementor-section-height-default\" data-id=\"bdf78be\" data-element_type=\"section\">\n\t\t\t\t\t\t<div class=\"elementor-container elementor-column-gap-default\">\n\t\t\t\t\t<div class=\"elementor-column elementor-col-100 elementor-top-column elementor-element elementor-element-96ca241\" data-id=\"96ca241\" data-element_type=\"column\">\n\t\t\t<div class=\"elementor-widget-wrap elementor-element-populated\">\n\t\t\t\t\t\t<div class=\"elementor-element elementor-element-0ca2423 elementor-widget elementor-widget-image\" data-id=\"0ca2423\" data-element_type=\"widget\" data-widget_type=\"image.default\">\n\t\t\t\t<div class=\"elementor-widget-container\">\n\t\t\t<style>\/*! elementor - v3.20.0 - 20-03-2024 *\/\n.elementor-widget-image{text-align:center}.elementor-widget-image a{display:inline-block}.elementor-widget-image a img[src$=\".svg\"]{width:48px}.elementor-widget-image img{vertical-align:middle;display:inline-block}<\/style>\t\t\t\t\t\t\t\t\t\t<img decoding=\"async\" src=\"https:\/\/www.ksg-erfurt.de\/wp-content\/uploads\/2025\/07\/IMG_1981-scaled.jpg\" title=\"IMG_1981\" alt=\"IMG_1981\" loading=\"lazy\" \/>\t\t\t\t\t\t\t\t\t\t\t\t\t<\/div>\n\t\t\t\t<\/div>\n\t\t\t\t\t<\/div>\n\t\t<\/div>\n\t\t\t\t\t<\/div>\n\t\t<\/section>\n\t\t\t\t<section class=\"elementor-section elementor-top-section elementor-element elementor-element-0828235 elementor-section-boxed elementor-section-height-default elementor-section-height-default\" data-id=\"0828235\" data-element_type=\"section\">\n\t\t\t\t\t\t<div class=\"elementor-container elementor-column-gap-default\">\n\t\t\t\t\t<div class=\"elementor-column elementor-col-100 elementor-top-column elementor-element elementor-element-6dd9ae1\" data-id=\"6dd9ae1\" data-element_type=\"column\">\n\t\t\t<div class=\"elementor-widget-wrap elementor-element-populated\">\n\t\t\t\t\t\t<div class=\"elementor-element elementor-element-eb87538 elementor-widget elementor-widget-text-editor\" data-id=\"eb87538\" data-element_type=\"widget\" data-widget_type=\"text-editor.default\">\n\t\t\t\t<div class=\"elementor-widget-container\">\n\t\t\t<style>\/*! elementor - v3.20.0 - 20-03-2024 *\/\n.elementor-widget-text-editor.elementor-drop-cap-view-stacked .elementor-drop-cap{background-color:#69727d;color:#fff}.elementor-widget-text-editor.elementor-drop-cap-view-framed .elementor-drop-cap{color:#69727d;border:3px solid;background-color:transparent}.elementor-widget-text-editor:not(.elementor-drop-cap-view-default) .elementor-drop-cap{margin-top:8px}.elementor-widget-text-editor:not(.elementor-drop-cap-view-default) .elementor-drop-cap-letter{width:1em;height:1em}.elementor-widget-text-editor .elementor-drop-cap{float:left;text-align:center;line-height:1;font-size:50px}.elementor-widget-text-editor .elementor-drop-cap-letter{display:inline-block}<\/style>\t\t\t\t<p>The KSG council is responsible for planning KSG evenings, organising festivals and other matters. Each member is responsible for a specific area of responsibility and is elected for two semesters. At present, the local council consists of six elected members and the pastoral counsellor. They meet approximately once a month during the semester to evaluate previous events and prepare for upcoming ones. The meetings are open to the public. You are cordially invited to attend the meetings. <strong>Die n\u00e4chste Sitzung findet voraussichtlich am 5. Mai 2026 um 18:00 Uhr in der KSG statt.<\/strong> Minutes are also taken during the meetings and published afterwards. The minutes of the last meeting can be found here:<br \/><a href=\"https:\/\/www.ksg-erfurt.de\/wp-content\/uploads\/2026\/04\/2026-04-13_Protokoll.pdf\">2026-04-13_Protokoll<\/a><\/p><p>Do you want to know who has been elected to the KSG council and what their task is? <br \/>Just click on the pictures of our KSG council members.<\/p>\t\t\t\t\t\t<\/div>\n\t\t\t\t<\/div>\n\t\t\t\t\t<\/div>\n\t\t<\/div>\n\t\t\t\t\t<\/div>\n\t\t<\/section>\n\t\t\t\t<section class=\"elementor-section elementor-top-section elementor-element elementor-element-1b0f496 elementor-section-boxed elementor-section-height-default elementor-section-height-default\" data-id=\"1b0f496\" data-element_type=\"section\">\n\t\t\t\t\t\t<div class=\"elementor-container elementor-column-gap-default\">\n\t\t\t\t\t<div class=\"elementor-column elementor-col-33 elementor-top-column elementor-element elementor-element-e448442\" data-id=\"e448442\" data-element_type=\"column\">\n\t\t\t<div class=\"elementor-widget-wrap elementor-element-populated\">\n\t\t\t\t\t\t<div class=\"elementor-element elementor-element-4271d74 elementor-widget elementor-widget-e_image_hover_effects\" data-id=\"4271d74\" data-element_type=\"widget\" data-widget_type=\"e_image_hover_effects.default\">\n\t\t\t\t<div class=\"elementor-widget-container\">\n\t\t\t\t\t\t<div class=\"eihe-box eihe-slide-up eihe_center\">\n\t\t\t\t<img fetchpriority=\"high\" decoding=\"async\" width=\"768\" height=\"671\" src=\"https:\/\/www.ksg-erfurt.de\/wp-content\/uploads\/2025\/07\/IMG_1984_-768x671.jpg\" class=\"attachment-medium_large size-medium_large wp-image-5402\" alt=\"\" srcset=\"https:\/\/www.ksg-erfurt.de\/wp-content\/uploads\/2025\/07\/IMG_1984_-768x671.jpg 768w, https:\/\/www.ksg-erfurt.de\/wp-content\/uploads\/2025\/07\/IMG_1984_-300x262.jpg 300w, https:\/\/www.ksg-erfurt.de\/wp-content\/uploads\/2025\/07\/IMG_1984_-1024x894.jpg 1024w, https:\/\/www.ksg-erfurt.de\/wp-content\/uploads\/2025\/07\/IMG_1984_-1536x1341.jpg 1536w, https:\/\/www.ksg-erfurt.de\/wp-content\/uploads\/2025\/07\/IMG_1984_-2048x1788.jpg 2048w, https:\/\/www.ksg-erfurt.de\/wp-content\/uploads\/2025\/07\/IMG_1984_-14x12.jpg 14w, https:\/\/www.ksg-erfurt.de\/wp-content\/uploads\/2025\/07\/IMG_1984_-1320x1153.jpg 1320w, https:\/\/www.ksg-erfurt.de\/wp-content\/uploads\/2025\/07\/IMG_1984_-24x21.jpg 24w, https:\/\/www.ksg-erfurt.de\/wp-content\/uploads\/2025\/07\/IMG_1984_-36x31.jpg 36w, https:\/\/www.ksg-erfurt.de\/wp-content\/uploads\/2025\/07\/IMG_1984_-48x42.jpg 48w\" sizes=\"(max-width: 768px) 100vw, 768px\" \/>\t\t\t\t<div class=\"eihe-caption\">\n\t\t\t\t\t<div class=\"eihe-title-cover\">\n\t\t\t\t\t\t\t\t\t\t\t\t<h3 class=\"eihe-title\">Anna Reinhardt - Pastoral counsellor<\/h3>\n\t\t\t\t\t\t\t\t\t\t\t<\/div>\n\t\t\t\t\t<p>- Head of KSG\n- Pastoral care\n- Semester programme coordination\n- Contact with the diocese\n- Organisation of tenants\n- Finances\n- Post box\n- Expert opinions (Cusanus, KAAD)<\/p>\n\t\t\t\t<\/div>\n\t\t\t<\/div>\n\t\t\t\t<\/div>\n\t\t\t\t<\/div>\n\t\t\t\t\t<\/div>\n\t\t<\/div>\n\t\t\t\t<div class=\"elementor-column elementor-col-33 elementor-top-column elementor-element elementor-element-d6317a9\" data-id=\"d6317a9\" data-element_type=\"column\">\n\t\t\t<div class=\"elementor-widget-wrap\">\n\t\t\t\t\t\t\t<\/div>\n\t\t<\/div>\n\t\t\t\t<div class=\"elementor-column elementor-col-33 elementor-top-column elementor-element elementor-element-752897b\" data-id=\"752897b\" data-element_type=\"column\">\n\t\t\t<div class=\"elementor-widget-wrap elementor-element-populated\">\n\t\t\t\t\t\t<div class=\"elementor-element elementor-element-d7464c5 elementor-widget elementor-widget-e_image_hover_effects\" data-id=\"d7464c5\" data-element_type=\"widget\" data-widget_type=\"e_image_hover_effects.default\">\n\t\t\t\t<div class=\"elementor-widget-container\">\n\t\t\t\t\t\t<div class=\"eihe-box eihe-slide-up eihe_center\">\n\t\t\t\t<img decoding=\"async\" width=\"768\" height=\"520\" src=\"https:\/\/www.ksg-erfurt.de\/wp-content\/uploads\/2025\/09\/IMG_1993-1-768x520.jpg\" class=\"attachment-medium_large size-medium_large wp-image-5480\" alt=\"\" srcset=\"https:\/\/www.ksg-erfurt.de\/wp-content\/uploads\/2025\/09\/IMG_1993-1-768x520.jpg 768w, https:\/\/www.ksg-erfurt.de\/wp-content\/uploads\/2025\/09\/IMG_1993-1-300x203.jpg 300w, https:\/\/www.ksg-erfurt.de\/wp-content\/uploads\/2025\/09\/IMG_1993-1-1024x693.jpg 1024w, https:\/\/www.ksg-erfurt.de\/wp-content\/uploads\/2025\/09\/IMG_1993-1-1536x1040.jpg 1536w, https:\/\/www.ksg-erfurt.de\/wp-content\/uploads\/2025\/09\/IMG_1993-1-2048x1386.jpg 2048w, https:\/\/www.ksg-erfurt.de\/wp-content\/uploads\/2025\/09\/IMG_1993-1-18x12.jpg 18w, https:\/\/www.ksg-erfurt.de\/wp-content\/uploads\/2025\/09\/IMG_1993-1-1320x894.jpg 1320w, https:\/\/www.ksg-erfurt.de\/wp-content\/uploads\/2025\/09\/IMG_1993-1-24x16.jpg 24w, https:\/\/www.ksg-erfurt.de\/wp-content\/uploads\/2025\/09\/IMG_1993-1-36x24.jpg 36w, https:\/\/www.ksg-erfurt.de\/wp-content\/uploads\/2025\/09\/IMG_1993-1-48x32.jpg 48w\" sizes=\"(max-width: 768px) 100vw, 768px\" \/>\t\t\t\t<div class=\"eihe-caption\">\n\t\t\t\t\t<div class=\"eihe-title-cover\">\n\t\t\t\t\t\t\t\t\t\t\t\t<h3 class=\"eihe-title\">Kyra - Ecumenism<\/h3>\n\t\t\t\t\t\t\t\t\t\t\t<\/div>\n\t\t\t\t\t<p>\n- Ecumenical services marking the start and end of the semester\n- Ecumenical evenings\n- Cooperation with ESG and SfC<\/p>\n\t\t\t\t<\/div>\n\t\t\t<\/div>\n\t\t\t\t<\/div>\n\t\t\t\t<\/div>\n\t\t\t\t\t<\/div>\n\t\t<\/div>\n\t\t\t\t\t<\/div>\n\t\t<\/section>\n\t\t\t\t<section class=\"elementor-section elementor-top-section elementor-element elementor-element-711aa5d elementor-section-boxed elementor-section-height-default elementor-section-height-default\" data-id=\"711aa5d\" data-element_type=\"section\">\n\t\t\t\t\t\t<div class=\"elementor-container elementor-column-gap-default\">\n\t\t\t\t\t<div class=\"elementor-column elementor-col-33 elementor-top-column elementor-element elementor-element-601db18\" data-id=\"601db18\" data-element_type=\"column\">\n\t\t\t<div class=\"elementor-widget-wrap elementor-element-populated\">\n\t\t\t\t\t\t<div class=\"elementor-element elementor-element-38aeb50 elementor-widget elementor-widget-e_image_hover_effects\" data-id=\"38aeb50\" data-element_type=\"widget\" data-widget_type=\"e_image_hover_effects.default\">\n\t\t\t\t<div class=\"elementor-widget-container\">\n\t\t\t\t\t\t<div class=\"eihe-box eihe-slide-up eihe_center\">\n\t\t\t\t<img decoding=\"async\" width=\"768\" height=\"1152\" src=\"https:\/\/www.ksg-erfurt.de\/wp-content\/uploads\/2024\/05\/IMG_0038-768x1152.jpg\" class=\"attachment-medium_large size-medium_large wp-image-4925\" alt=\"\" srcset=\"https:\/\/www.ksg-erfurt.de\/wp-content\/uploads\/2024\/05\/IMG_0038-768x1152.jpg 768w, https:\/\/www.ksg-erfurt.de\/wp-content\/uploads\/2024\/05\/IMG_0038-200x300.jpg 200w, https:\/\/www.ksg-erfurt.de\/wp-content\/uploads\/2024\/05\/IMG_0038-683x1024.jpg 683w, https:\/\/www.ksg-erfurt.de\/wp-content\/uploads\/2024\/05\/IMG_0038-1024x1536.jpg 1024w, https:\/\/www.ksg-erfurt.de\/wp-content\/uploads\/2024\/05\/IMG_0038-1365x2048.jpg 1365w, https:\/\/www.ksg-erfurt.de\/wp-content\/uploads\/2024\/05\/IMG_0038-8x12.jpg 8w, https:\/\/www.ksg-erfurt.de\/wp-content\/uploads\/2024\/05\/IMG_0038-1320x1980.jpg 1320w, https:\/\/www.ksg-erfurt.de\/wp-content\/uploads\/2024\/05\/IMG_0038-16x24.jpg 16w, https:\/\/www.ksg-erfurt.de\/wp-content\/uploads\/2024\/05\/IMG_0038-24x36.jpg 24w, https:\/\/www.ksg-erfurt.de\/wp-content\/uploads\/2024\/05\/IMG_0038-32x48.jpg 32w, https:\/\/www.ksg-erfurt.de\/wp-content\/uploads\/2024\/05\/IMG_0038-scaled.jpg 1707w\" sizes=\"(max-width: 768px) 100vw, 768px\" \/>\t\t\t\t<div class=\"eihe-caption\">\n\t\t\t\t\t<div class=\"eihe-title-cover\">\n\t\t\t\t\t\t\t\t\t\t\t\t<h3 class=\"eihe-title\">Felix - Speaker and Liturgy<\/h3>\n\t\t\t\t\t\t\t\t\t\t\t<\/div>\n\t\t\t\t\t<p>- allgemeine Ansprechperson\n- Sitzungsleitung des Gemeinderats\n- Vermeldungen\n\n- Gottesdienst-Koordination (Vorbereitung, Aufgabenverteilung)\n- K\u00fcstern (delegieren)\n- Kontakt zur Musik<\/p>\n\t\t\t\t<\/div>\n\t\t\t<\/div>\n\t\t\t\t<\/div>\n\t\t\t\t<\/div>\n\t\t\t\t\t<\/div>\n\t\t<\/div>\n\t\t\t\t<div class=\"elementor-column elementor-col-33 elementor-top-column elementor-element elementor-element-d1bae6b\" data-id=\"d1bae6b\" data-element_type=\"column\">\n\t\t\t<div class=\"elementor-widget-wrap elementor-element-populated\">\n\t\t\t\t\t\t<div class=\"elementor-element elementor-element-9c64e09 elementor-widget elementor-widget-image\" data-id=\"9c64e09\" data-element_type=\"widget\" data-widget_type=\"image.default\">\n\t\t\t\t<div class=\"elementor-widget-container\">\n\t\t\t\t\t\t\t\t\t\t\t\t\t<img loading=\"lazy\" decoding=\"async\" width=\"1024\" height=\"897\" src=\"https:\/\/www.ksg-erfurt.de\/wp-content\/uploads\/2022\/10\/2022-05-19-Instagram-Logo-Freigestellt-1-1024x897.png\" class=\"attachment-large size-large wp-image-3883\" alt=\"\" srcset=\"https:\/\/www.ksg-erfurt.de\/wp-content\/uploads\/2022\/10\/2022-05-19-Instagram-Logo-Freigestellt-1-1024x897.png 1024w, https:\/\/www.ksg-erfurt.de\/wp-content\/uploads\/2022\/10\/2022-05-19-Instagram-Logo-Freigestellt-1-300x263.png 300w, https:\/\/www.ksg-erfurt.de\/wp-content\/uploads\/2022\/10\/2022-05-19-Instagram-Logo-Freigestellt-1-768x673.png 768w, https:\/\/www.ksg-erfurt.de\/wp-content\/uploads\/2022\/10\/2022-05-19-Instagram-Logo-Freigestellt-1-1536x1345.png 1536w, https:\/\/www.ksg-erfurt.de\/wp-content\/uploads\/2022\/10\/2022-05-19-Instagram-Logo-Freigestellt-1-2048x1793.png 2048w, https:\/\/www.ksg-erfurt.de\/wp-content\/uploads\/2022\/10\/2022-05-19-Instagram-Logo-Freigestellt-1-14x12.png 14w, https:\/\/www.ksg-erfurt.de\/wp-content\/uploads\/2022\/10\/2022-05-19-Instagram-Logo-Freigestellt-1-1320x1156.png 1320w\" sizes=\"(max-width: 1024px) 100vw, 1024px\" \/>\t\t\t\t\t\t\t\t\t\t\t\t\t<\/div>\n\t\t\t\t<\/div>\n\t\t\t\t\t<\/div>\n\t\t<\/div>\n\t\t\t\t<div class=\"elementor-column elementor-col-33 elementor-top-column elementor-element elementor-element-8420739\" data-id=\"8420739\" data-element_type=\"column\">\n\t\t\t<div class=\"elementor-widget-wrap elementor-element-populated\">\n\t\t\t\t\t\t<div class=\"elementor-element elementor-element-0b6cf39 elementor-widget elementor-widget-e_image_hover_effects\" data-id=\"0b6cf39\" data-element_type=\"widget\" data-widget_type=\"e_image_hover_effects.default\">\n\t\t\t\t<div class=\"elementor-widget-container\">\n\t\t\t\t\t\t<div class=\"eihe-box eihe-slide-up eihe_center\">\n\t\t\t\t<img loading=\"lazy\" decoding=\"async\" width=\"768\" height=\"1152\" src=\"https:\/\/www.ksg-erfurt.de\/wp-content\/uploads\/2024\/05\/IMG_0039-768x1152.jpg\" class=\"attachment-medium_large size-medium_large wp-image-4928\" alt=\"\" srcset=\"https:\/\/www.ksg-erfurt.de\/wp-content\/uploads\/2024\/05\/IMG_0039-768x1152.jpg 768w, https:\/\/www.ksg-erfurt.de\/wp-content\/uploads\/2024\/05\/IMG_0039-200x300.jpg 200w, https:\/\/www.ksg-erfurt.de\/wp-content\/uploads\/2024\/05\/IMG_0039-683x1024.jpg 683w, https:\/\/www.ksg-erfurt.de\/wp-content\/uploads\/2024\/05\/IMG_0039-1024x1536.jpg 1024w, https:\/\/www.ksg-erfurt.de\/wp-content\/uploads\/2024\/05\/IMG_0039-1365x2048.jpg 1365w, https:\/\/www.ksg-erfurt.de\/wp-content\/uploads\/2024\/05\/IMG_0039-8x12.jpg 8w, https:\/\/www.ksg-erfurt.de\/wp-content\/uploads\/2024\/05\/IMG_0039-1320x1980.jpg 1320w, https:\/\/www.ksg-erfurt.de\/wp-content\/uploads\/2024\/05\/IMG_0039-16x24.jpg 16w, https:\/\/www.ksg-erfurt.de\/wp-content\/uploads\/2024\/05\/IMG_0039-24x36.jpg 24w, https:\/\/www.ksg-erfurt.de\/wp-content\/uploads\/2024\/05\/IMG_0039-32x48.jpg 32w, https:\/\/www.ksg-erfurt.de\/wp-content\/uploads\/2024\/05\/IMG_0039-scaled.jpg 1707w\" sizes=\"(max-width: 768px) 100vw, 768px\" \/>\t\t\t\t<div class=\"eihe-caption\">\n\t\t\t\t\t<div class=\"eihe-title-cover\">\n\t\t\t\t\t\t\t\t\t\t\t\t<h3 class=\"eihe-title\">Dorothea - Speaker<\/h3>\n\t\t\t\t\t\t\t\t\t\t\t<\/div>\n\t\t\t\t\t<p>- General contact person\n- Newsletter\n- Email inbox\n<\/p>\n\t\t\t\t<\/div>\n\t\t\t<\/div>\n\t\t\t\t<\/div>\n\t\t\t\t<\/div>\n\t\t\t\t\t<\/div>\n\t\t<\/div>\n\t\t\t\t\t<\/div>\n\t\t<\/section>\n\t\t\t\t<section class=\"elementor-section elementor-top-section elementor-element elementor-element-12c2359 elementor-section-boxed elementor-section-height-default elementor-section-height-default\" data-id=\"12c2359\" data-element_type=\"section\">\n\t\t\t\t\t\t<div class=\"elementor-container elementor-column-gap-default\">\n\t\t\t\t\t<div class=\"elementor-column elementor-col-33 elementor-top-column elementor-element elementor-element-b41ea1f\" data-id=\"b41ea1f\" data-element_type=\"column\">\n\t\t\t<div class=\"elementor-widget-wrap elementor-element-populated\">\n\t\t\t\t\t\t<div class=\"elementor-element elementor-element-51221e6 elementor-widget__width-initial elementor-widget elementor-widget-e_image_hover_effects\" data-id=\"51221e6\" data-element_type=\"widget\" data-widget_type=\"e_image_hover_effects.default\">\n\t\t\t\t<div class=\"elementor-widget-container\">\n\t\t\t\t\t\t<div class=\"eihe-box eihe-slide-up eihe_center\">\n\t\t\t\t<img loading=\"lazy\" decoding=\"async\" width=\"768\" height=\"1028\" src=\"https:\/\/www.ksg-erfurt.de\/wp-content\/uploads\/2025\/09\/IMG_2003_-768x1028.jpg\" class=\"attachment-medium_large size-medium_large wp-image-5483\" alt=\"\" srcset=\"https:\/\/www.ksg-erfurt.de\/wp-content\/uploads\/2025\/09\/IMG_2003_-768x1028.jpg 768w, https:\/\/www.ksg-erfurt.de\/wp-content\/uploads\/2025\/09\/IMG_2003_-224x300.jpg 224w, https:\/\/www.ksg-erfurt.de\/wp-content\/uploads\/2025\/09\/IMG_2003_-765x1024.jpg 765w, https:\/\/www.ksg-erfurt.de\/wp-content\/uploads\/2025\/09\/IMG_2003_-1147x1536.jpg 1147w, https:\/\/www.ksg-erfurt.de\/wp-content\/uploads\/2025\/09\/IMG_2003_-1529x2048.jpg 1529w, https:\/\/www.ksg-erfurt.de\/wp-content\/uploads\/2025\/09\/IMG_2003_-9x12.jpg 9w, https:\/\/www.ksg-erfurt.de\/wp-content\/uploads\/2025\/09\/IMG_2003_-1320x1768.jpg 1320w, https:\/\/www.ksg-erfurt.de\/wp-content\/uploads\/2025\/09\/IMG_2003_-18x24.jpg 18w, https:\/\/www.ksg-erfurt.de\/wp-content\/uploads\/2025\/09\/IMG_2003_-27x36.jpg 27w, https:\/\/www.ksg-erfurt.de\/wp-content\/uploads\/2025\/09\/IMG_2003_-36x48.jpg 36w, https:\/\/www.ksg-erfurt.de\/wp-content\/uploads\/2025\/09\/IMG_2003_-scaled.jpg 1912w\" sizes=\"(max-width: 768px) 100vw, 768px\" \/>\t\t\t\t<div class=\"eihe-caption\">\n\t\t\t\t\t<div class=\"eihe-title-cover\">\n\t\t\t\t\t\t\t\t\t\t\t\t<h3 class=\"eihe-title\">Jessica - Secretary of State and Internationals<\/h3>\n\t\t\t\t\t\t\t\t\t\t\t<\/div>\n\t\t\t\t\t<p>\n- Regional representation at the Ostwinde (KSGs of the East Region) &amp; the Federal Association\n- Regional events (soccer tournament, Rauszeit pilgrimage, pub quiz),\n- Hiking day for Thuringian KSGs &amp; ESGs\n\n- Contact person for international students\n- Translations\n- International Evening<\/p>\n\t\t\t\t<\/div>\n\t\t\t<\/div>\n\t\t\t\t<\/div>\n\t\t\t\t<\/div>\n\t\t\t\t\t<\/div>\n\t\t<\/div>\n\t\t\t\t<div class=\"elementor-column elementor-col-33 elementor-top-column elementor-element elementor-element-948e41a\" data-id=\"948e41a\" data-element_type=\"column\">\n\t\t\t<div class=\"elementor-widget-wrap elementor-element-populated\">\n\t\t\t\t\t\t<div class=\"elementor-element elementor-element-90e7d63 elementor-widget elementor-widget-e_image_hover_effects\" data-id=\"90e7d63\" data-element_type=\"widget\" data-widget_type=\"e_image_hover_effects.default\">\n\t\t\t\t<div class=\"elementor-widget-container\">\n\t\t\t\t\t\t<div class=\"eihe-box eihe-slide-up eihe_center\">\n\t\t\t\t<img loading=\"lazy\" decoding=\"async\" width=\"768\" height=\"1141\" src=\"https:\/\/www.ksg-erfurt.de\/wp-content\/uploads\/2025\/09\/IMG_1998_-768x1141.jpg\" class=\"attachment-medium_large size-medium_large wp-image-5482\" alt=\"\" srcset=\"https:\/\/www.ksg-erfurt.de\/wp-content\/uploads\/2025\/09\/IMG_1998_-768x1141.jpg 768w, https:\/\/www.ksg-erfurt.de\/wp-content\/uploads\/2025\/09\/IMG_1998_-202x300.jpg 202w, https:\/\/www.ksg-erfurt.de\/wp-content\/uploads\/2025\/09\/IMG_1998_-689x1024.jpg 689w, https:\/\/www.ksg-erfurt.de\/wp-content\/uploads\/2025\/09\/IMG_1998_-1034x1536.jpg 1034w, https:\/\/www.ksg-erfurt.de\/wp-content\/uploads\/2025\/09\/IMG_1998_-1378x2048.jpg 1378w, https:\/\/www.ksg-erfurt.de\/wp-content\/uploads\/2025\/09\/IMG_1998_-8x12.jpg 8w, https:\/\/www.ksg-erfurt.de\/wp-content\/uploads\/2025\/09\/IMG_1998_-1320x1961.jpg 1320w, https:\/\/www.ksg-erfurt.de\/wp-content\/uploads\/2025\/09\/IMG_1998_-16x24.jpg 16w, https:\/\/www.ksg-erfurt.de\/wp-content\/uploads\/2025\/09\/IMG_1998_-24x36.jpg 24w, https:\/\/www.ksg-erfurt.de\/wp-content\/uploads\/2025\/09\/IMG_1998_-32x48.jpg 32w, https:\/\/www.ksg-erfurt.de\/wp-content\/uploads\/2025\/09\/IMG_1998_-scaled.jpg 1723w\" sizes=\"(max-width: 768px) 100vw, 768px\" \/>\t\t\t\t<div class=\"eihe-caption\">\n\t\t\t\t\t<div class=\"eihe-title-cover\">\n\t\t\t\t\t\t\t\t\t\t\t\t<h3 class=\"eihe-title\">Amelie - Public Relations<\/h3>\n\t\t\t\t\t\t\t\t\t\t\t<\/div>\n\t\t\t\t\t<p>\n- Instagram\n- Website\n- Poster design<\/p>\n\t\t\t\t<\/div>\n\t\t\t<\/div>\n\t\t\t\t<\/div>\n\t\t\t\t<\/div>\n\t\t\t\t\t<\/div>\n\t\t<\/div>\n\t\t\t\t<div class=\"elementor-column elementor-col-33 elementor-top-column elementor-element elementor-element-0a2d9fb\" data-id=\"0a2d9fb\" data-element_type=\"column\">\n\t\t\t<div class=\"elementor-widget-wrap elementor-element-populated\">\n\t\t\t\t\t\t<div class=\"elementor-element elementor-element-50ba36d elementor-widget elementor-widget-e_image_hover_effects\" data-id=\"50ba36d\" data-element_type=\"widget\" data-widget_type=\"e_image_hover_effects.default\">\n\t\t\t\t<div class=\"elementor-widget-container\">\n\t\t\t\t\t\t<div class=\"eihe-box eihe-slide-up eihe_center\">\n\t\t\t\t<img loading=\"lazy\" decoding=\"async\" width=\"225\" height=\"300\" src=\"https:\/\/www.ksg-erfurt.de\/wp-content\/uploads\/2023\/10\/blank_profile.png\" class=\"attachment-medium_large size-medium_large wp-image-4327\" alt=\"\" srcset=\"https:\/\/www.ksg-erfurt.de\/wp-content\/uploads\/2023\/10\/blank_profile.png 225w, https:\/\/www.ksg-erfurt.de\/wp-content\/uploads\/2023\/10\/blank_profile-9x12.png 9w\" sizes=\"(max-width: 225px) 100vw, 225px\" \/>\t\t\t\t<div class=\"eihe-caption\">\n\t\t\t\t\t<div class=\"eihe-title-cover\">\n\t\t\t\t\t\t\t\t\t\t\t\t<h3 class=\"eihe-title\">Your spot is free :)<\/h3>\n\t\t\t\t\t\t\t\t\t\t\t<\/div>\n\t\t\t\t\t<p><\/p>\n\t\t\t\t<\/div>\n\t\t\t<\/div>\n\t\t\t\t<\/div>\n\t\t\t\t<\/div>\n\t\t\t\t\t<\/div>\n\t\t<\/div>\n\t\t\t\t\t<\/div>\n\t\t<\/section>\n\t\t\t\t<section class=\"elementor-section elementor-top-section elementor-element elementor-element-e5d3384 elementor-section-boxed elementor-section-height-default elementor-section-height-default\" data-id=\"e5d3384\" data-element_type=\"section\">\n\t\t\t\t\t\t<div class=\"elementor-container elementor-column-gap-default\">\n\t\t\t\t\t<div class=\"elementor-column elementor-col-100 elementor-top-column elementor-element elementor-element-aa86d2d\" data-id=\"aa86d2d\" data-element_type=\"column\">\n\t\t\t<div class=\"elementor-widget-wrap\">\n\t\t\t\t\t\t\t<\/div>\n\t\t<\/div>\n\t\t\t\t\t<\/div>\n\t\t<\/section>\n\t\t\t\t<\/div>","protected":false},"excerpt":{"rendered":"<p>Der Gemeinderat ist zust\u00e4ndig f\u00fcr die Planung der KSG-Abende, organisiert die Feste und weitere Anliegen. Jedes Mitglied ist f\u00fcr einen Aufgabenbereich zust\u00e4ndig und wird f\u00fcr zwei Semester gew\u00e4hlt. Im Moment besteht der Gemeinderat aus sechs gew\u00e4hlten Mitgliedern und der Seelsorgerin. Sie treffen sich etwa einmal im Monat w\u00e4hrend des Semesters, um bisherige Veranstaltungen auszuwerten und&hellip;&nbsp;<a href=\"https:\/\/www.ksg-erfurt.de\/en\/gemeinderat\/\" class=\"\" rel=\"bookmark\">Read More &raquo;<span class=\"screen-reader-text\">KSG Council<\/span><\/a><\/p>","protected":false},"author":5,"featured_media":0,"parent":0,"menu_order":0,"comment_status":"closed","ping_status":"closed","template":"page-templates\/template-pagebuilder-full-width.php","meta":{"neve_meta_sidebar":"","neve_meta_container":"","neve_meta_enable_content_width":"","neve_meta_content_width":0,"neve_meta_title_alignment":"","neve_meta_author_avatar":"","neve_post_elements_order":"","neve_meta_disable_header":"","neve_meta_disable_footer":"","neve_meta_disable_title":"","footnotes":""},"_links":{"self":[{"href":"https:\/\/www.ksg-erfurt.de\/en\/wp-json\/wp\/v2\/pages\/4548"}],"collection":[{"href":"https:\/\/www.ksg-erfurt.de\/en\/wp-json\/wp\/v2\/pages"}],"about":[{"href":"https:\/\/www.ksg-erfurt.de\/en\/wp-json\/wp\/v2\/types\/page"}],"author":[{"embeddable":true,"href":"https:\/\/www.ksg-erfurt.de\/en\/wp-json\/wp\/v2\/users\/5"}],"replies":[{"embeddable":true,"href":"https:\/\/www.ksg-erfurt.de\/en\/wp-json\/wp\/v2\/comments?post=4548"}],"version-history":[{"count":133,"href":"https:\/\/www.ksg-erfurt.de\/en\/wp-json\/wp\/v2\/pages\/4548\/revisions"}],"predecessor-version":[{"id":5799,"href":"https:\/\/www.ksg-erfurt.de\/en\/wp-json\/wp\/v2\/pages\/4548\/revisions\/5799"}],"wp:attachment":[{"href":"https:\/\/www.ksg-erfurt.de\/en\/wp-json\/wp\/v2\/media?parent=4548"}],"curies":[{"name":"wp","href":"https:\/\/api.w.org\/{rel}","templated":true}]}}