{"id":4520,"date":"2024-02-16T21:29:50","date_gmt":"2024-02-16T19:29:50","guid":{"rendered":"https:\/\/www.ksg-erfurt.de\/?page_id=4520"},"modified":"2024-02-16T21:29:50","modified_gmt":"2024-02-16T19:29:50","slug":"datenschutz","status":"publish","type":"page","link":"https:\/\/www.ksg-erfurt.de\/en\/datenschutz\/","title":{"rendered":"Data Protection"},"content":{"rendered":"<p>Katholische Studierendengemeinde Erfurt<br>Fischersand 23<br>99084 Erfurt<\/p>\n\n\n\n<p>Der Schutz Ihrer pers\u00f6nlichen Daten ist uns ein besonderes Anliegen. Wir verarbeiten Ihre Daten daher ausschlie\u00dflich auf Grundlage der gesetzlichen Bestimmungen (DSGVO, TKG 2003). In diesen Datenschutzinformationen informieren wir Sie \u00fcber die wichtigsten Aspekte der Datenverarbeitung im Rahmen unserer Website.<\/p>\n\n\n\n<h2 class=\"wp-block-heading\">Verantwortlicher<\/h2>\n\n\n\n<p>Verantwortlicher f\u00fcr die Datenverarbeitung ist&nbsp;die Katholische Studierendengemeinde Erfurt&nbsp;mit Sitz in&nbsp;Fischersand 23, 99084 Erfurt. Sie erreichen uns telefonisch unter&nbsp;0361 \/ 56 11 284, per Mail unter&nbsp;ksg-erfurt@bistum-erfurt.de&nbsp;oder postalisch unter der Anschrift&nbsp;Fischersand 23, 99084 Erfurt.<\/p>\n\n\n\n<h2 class=\"wp-block-heading\">Datensicherheit<\/h2>\n\n\n\n<p>Wir treffen nach Ma\u00df des Art 32 DSGVO entsprechende Vorkehrungen zum Schutz Ihrer personenbezogenen Daten. Diese betreffen insbesondere den Schutz vor unerlaubtem, rechtswidrigem oder auch zuf\u00e4lligem Zugriff, Verarbeitung, Verlust, Verwendung und Manipulation.<\/p>\n\n\n\n<h2 class=\"wp-block-heading\">Webseite<\/h2>\n\n\n\n<h3 class=\"wp-block-heading\">Personenbezogene Daten, Zweck der Datenverarbeitung und Rechtsgrundlage<\/h3>\n\n\n\n<p>Personenbezogene Daten sind Angaben, die eindeutig einer Person zugeordnet werden k\u00f6nnen. Dazu geh\u00f6ren unter anderem Angaben wie vollst\u00e4ndiger Name, Anschrift, E-Mail und Telefonnummer. Bei einem Besuch unserer Website werden aus technischen Gr\u00fcnden automatisch weitere Daten erfasst (IP-Adresse, Beginn und Ende der Sitzung, Datum und Uhrzeit der Anfrage, angesteuerte Unterseite auf unserer Webseite, Art und Version des Browsers, Betriebssystem, Referrer URL). Diese technischen Informationen k\u00f6nnen im Einzelfall personenbezogene Daten sein. Im Regelfall verwenden wir diese technischen Informationen nur, wenn dies (aus technischen Gr\u00fcnden) f\u00fcr den Betrieb und Schutz unserer Website vor Angriffen und Missbrauch erforderlich ist sowie pseudonymisiert oder anonymisiert f\u00fcr statistische Zwecke.<\/p>\n\n\n\n<p>Wenn Sie per Anfrageformular auf der Website oder per E-Mail Kontakt mit uns aufnehmen, werden Ihre angegebenen Daten (Vorname, Nachname, Adresse, Telefonnummer, E-Mail) zwecks Bearbeitung der Anfrage und f\u00fcr den Fall von Anschlussfragen sechs Monate bei uns gespeichert. Diese Daten geben wir nicht ohne Ihre Einwilligung weiter. Eine Verarbeitung Ihrer personenbezogenen Daten f\u00fcr bestimmte Zwecke (z. B. Nutzung Ihrer E-Mail f\u00fcr Newsletter, Werbung) kann auch aufgrund Ihrer Einwilligung erfolgen. Sie k\u00f6nnen Ihre Einwilligung mit Wirkung f\u00fcr die Zukunft jederzeit widerrufen. Dies gilt auch f\u00fcr den Widerruf von Einwilligungserkl\u00e4rungen, die vor der Geltung der DSGVO, uns gegen\u00fcber erteilt worden sind. \u00dcber die Zwecke und \u00fcber die Konsequenzen eines Widerrufs oder der Nichterteilung einer Einwilligung werden Sie gesondert im entsprechenden Text der Einwilligung informiert.<\/p>\n\n\n\n<p>Zur Erf\u00fcllung von Vertr\u00e4gen bzw. vorvertragliche Ma\u00dfnahmen und dar\u00fcber hinaus verarbeiten wir Ihre Daten (Vorname, Nachname, Adresse, Telefonnummer, E-Mail) gegebenenfalls, wenn es erforderlich ist, um berechtigte Interessen von uns oder Dritten zu wahren, insbesondere f\u00fcr folgende Zwecke:<\/p>\n\n\n\n<ul>\n<li>Beantwortung von Anfragen<\/li>\n\n\n\n<li>Technische Administration<\/li>\n\n\n\n<li>der Werbung oder Markt- und Meinungsforschung, soweit Sie der Nutzung Ihrer Daten nicht widersprochen haben<\/li>\n\n\n\n<li>der Pr\u00fcfung und Optimierung von Verfahren zur Bedarfsanalyse<\/li>\n\n\n\n<li>der Weiterentwicklung von Dienstleistungen und Produkten sowie bestehenden Systemen und Prozessen<\/li>\n\n\n\n<li>statistischer Auswertungen oder der Marktanalyse<\/li>\n\n\n\n<li>der Geltendmachung rechtlicher Anspr\u00fcche &amp; Verteidigung bei rechtlichen Streitigkeiten, die nicht unmittelbar dem Vertragsverh\u00e4ltnis zuzuordnen sind<\/li>\n\n\n\n<li>der Verhinderung und Aufkl\u00e4rung von Straftaten, soweit nicht ausschlie\u00dflich zur Erf\u00fcllung gesetzlicher Vorgaben<\/li>\n<\/ul>\n\n\n\n<p>Die Rechtsgrundlagen der Datenverarbeitung sind:<\/p>\n\n\n\n<ul>\n<li>Vertragsabwicklung gem\u00e4\u00df Art 6 Abs 1 lit b DSGVO<\/li>\n\n\n\n<li>Ihre allf\u00e4llige Einwilligung gem\u00e4\u00df Art 6 Abs 1 lit a DSGVO<\/li>\n\n\n\n<li>berechtigtes Interesse Art 6 Abs 1 lit f DSGVO<\/li>\n<\/ul>\n\n\n\n<h3 class=\"wp-block-heading\">Speicherdauer<\/h3>\n\n\n\n<p>Die L\u00f6schung der gespeicherten personenbezogenen Daten erfolgt, wenn Sie als Nutzer unserer Website und\/oder Kunde die Einwilligung zur Speicherung widerrufen, wenn Ihre Daten zur Erf\u00fcllung des mit der Speicherung verfolgten Zwecks nicht mehr erforderlich sind und nach Ablauf der gesetzlichen Aufbewahrungspflichten bzw. nach Ablauf der Dauer allf\u00e4lliger dar\u00fcber hinaus andauernden Rechtsstreitigkeiten oder wenn Ihre Speicherung aus sonstigen gesetzlichen Gr\u00fcnden unzul\u00e4ssig ist bzw. wird.<\/p>\n\n\n\n<h3 class=\"wp-block-heading\">Weitergabe von Daten \/ Empf\u00e4nger bzw. Kategorien von Empf\u00e4ngern<\/h3>\n\n\n\n<p>Eine Weitergabe Ihrer Daten an externe Stellen erfolgt ausschlie\u00dflich im Zusammenhang mit der Vertragsabwicklung, zu Zwecken der Erf\u00fcllung gesetzlicher Vorgaben, nach denen wir zur Auskunft, Meldung oder Weitergabe von Daten verpflichtet sind oder sofern die Datenweitergabe im \u00f6ffentlichen Interesse liegt oder Sie zuvor eingewilligt haben. Sie haben das Recht, eine erteilte Einwilligung mit Wirkung auf die Zukunft jederzeit zu widerrufen.<\/p>\n\n\n\n<p>Personenbezogene Daten werden von uns an die nachfolgend bezeichneten Dritten weitergegeben bzw. \u00fcbermittelt:<\/p>\n\n\n\n<ul>\n<li>Verschiedene Dienstleister oder Partnerunternehmen, die uns bei der Bestellabwicklung, bei der Versorgung der Kunden mit Informationen, Werbung und bei der Bereitstellung von Dienstleistungen unterst\u00fctzen, EDV Dienstleister und technische Verarbeiter (Auftragsverarbeiter gem\u00e4\u00df Art. 28 DS-GVO). Diese Unternehmen sind verpflichtet, s\u00e4mtliche Datenschutzbestimmungen einzuhalten. F\u00fcr die Auftragsdatenverarbeitung gelten strenge datenschutzrechtliche Vorschriften, insbesondere d\u00fcrfen diese Unternehmen die Daten ausschlie\u00dflich zur Erf\u00fcllung ihrer Aufgaben in unserem Auftrag nutzen. F\u00fcr die Einhaltung der datenschutzrechtlichen Vorschriften durch diese Unternehmen sind wir verantwortlich und haben wir entsprechende Auftragsverarbeitungsvereinbarungen mit den Dienstleistern geschlossen<\/li>\n\n\n\n<li>an unseren Steuerberater zur Erf\u00fcllung unserer steuerrechtlichen Verpflichtungen<\/li>\n<\/ul>\n\n\n\n<h2 class=\"wp-block-heading\">Cookies<\/h2>\n\n\n\n<p>Unsere Website verwendet so genannte Cookies. Wir nutzen Cookies dazu, unser Angebot nutzerfreundlich zu gestalten. Dabei handelt es sich um kleine Textdateien, die mit Hilfe des Browsers auf Ihrem Endger\u00e4t abgelegt werden. Sie richten keinen Schaden an. Wird der entsprechende Server unserer Website erneut von Ihnen aufgerufen, sendet Ihr Browser den zuvor empfangenen Cookie wieder zur\u00fcck an den Server. Der Server kann dann die durch diese Prozedur erhaltenen Informationen auf verschiedene Arten auswerten. Durch Cookies k\u00f6nnen zB Werbeeinblendungen gesteuert oder das Navigieren auf einer Internetseite erleichtert werden.<\/p>\n\n\n\n<p>Wenn Sie die Nutzung von Cookies unterbinden m\u00f6chten, so k\u00f6nnen Sie dies durch lokale Vornahme der \u00c4nderungen Ihrer Einstellungen in dem auf Ihrem Computer verwendeten Internetbrowser (zB Google Chrome, Mozilla Firefox, Safari etc.) tun. Sie k\u00f6nnen Ihren Browser so einrichten, dass er Sie \u00fcber das Setzen von Cookies informiert und Sie dies nur im Einzelfall erlauben. Bei der Deaktivierung von Cookies kann zur Einschr\u00e4nkung der Funktionalit\u00e4t unserer Website kommen.<\/p>\n\n\n\n<h2 class=\"wp-block-heading\">Ihre Rechte<\/h2>\n\n\n\n<p>Ihnen stehen grunds\u00e4tzlich die Rechte auf Auskunft, Berichtigung, L\u00f6schung, Einschr\u00e4nkung, Daten\u00fcbertragbarkeit, Widerruf und Widerspruch zu.<\/p>\n\n\n\n<p>Wenn Sie glauben, dass die Verarbeitung Ihrer Daten gegen das Datenschutzrecht verst\u00f6\u00dft oder Ihre datenschutzrechtlichen Anspr\u00fcche sonst in einer Weise verletzt worden sind, k\u00f6nnen Sie sich bei uns&nbsp;ksg-erfurt@bistum-erfurt.de&nbsp;oder der Datenschutzbeh\u00f6rde beschweren.<\/p>","protected":false},"excerpt":{"rendered":"<p>Katholische Studierendengemeinde ErfurtFischersand 2399084 Erfurt Der Schutz Ihrer pers\u00f6nlichen Daten ist uns ein besonderes Anliegen. Wir verarbeiten Ihre Daten daher ausschlie\u00dflich auf Grundlage der gesetzlichen Bestimmungen (DSGVO, TKG 2003). In diesen Datenschutzinformationen informieren wir Sie \u00fcber die wichtigsten Aspekte der Datenverarbeitung im Rahmen unserer Website. Verantwortlicher Verantwortlicher f\u00fcr die Datenverarbeitung ist&nbsp;die Katholische Studierendengemeinde Erfurt&nbsp;mit Sitz&hellip;&nbsp;<a href=\"https:\/\/www.ksg-erfurt.de\/en\/datenschutz\/\" class=\"\" rel=\"bookmark\">Read More &raquo;<span class=\"screen-reader-text\">Data Protection<\/span><\/a><\/p>","protected":false},"author":5,"featured_media":0,"parent":0,"menu_order":0,"comment_status":"closed","ping_status":"closed","template":"","meta":{"neve_meta_sidebar":"","neve_meta_container":"","neve_meta_enable_content_width":"","neve_meta_content_width":0,"neve_meta_title_alignment":"","neve_meta_author_avatar":"","neve_post_elements_order":"","neve_meta_disable_header":"","neve_meta_disable_footer":"","neve_meta_disable_title":"","footnotes":""},"_links":{"self":[{"href":"https:\/\/www.ksg-erfurt.de\/en\/wp-json\/wp\/v2\/pages\/4520"}],"collection":[{"href":"https:\/\/www.ksg-erfurt.de\/en\/wp-json\/wp\/v2\/pages"}],"about":[{"href":"https:\/\/www.ksg-erfurt.de\/en\/wp-json\/wp\/v2\/types\/page"}],"author":[{"embeddable":true,"href":"https:\/\/www.ksg-erfurt.de\/en\/wp-json\/wp\/v2\/users\/5"}],"replies":[{"embeddable":true,"href":"https:\/\/www.ksg-erfurt.de\/en\/wp-json\/wp\/v2\/comments?post=4520"}],"version-history":[{"count":1,"href":"https:\/\/www.ksg-erfurt.de\/en\/wp-json\/wp\/v2\/pages\/4520\/revisions"}],"predecessor-version":[{"id":4521,"href":"https:\/\/www.ksg-erfurt.de\/en\/wp-json\/wp\/v2\/pages\/4520\/revisions\/4521"}],"wp:attachment":[{"href":"https:\/\/www.ksg-erfurt.de\/en\/wp-json\/wp\/v2\/media?parent=4520"}],"curies":[{"name":"wp","href":"https:\/\/api.w.org\/{rel}","templated":true}]}}