{"id":2318,"date":"2015-12-05T23:32:55","date_gmt":"2015-12-05T21:32:55","guid":{"rendered":"http:\/\/www.ksg-erfurt.de\/?page_id=2318"},"modified":"2023-10-15T19:45:54","modified_gmt":"2023-10-15T17:45:54","slug":"impressum","status":"publish","type":"page","link":"https:\/\/www.ksg-erfurt.de\/en\/impressum\/","title":{"rendered":"Imprint"},"content":{"rendered":"<p>Angaben gem\u00e4\u00df \u00a7 5 TMG:<br \/>\nKatholische Studierendengemeinde Erfurt<br \/>\nFischersand 23<br \/>\n99084 Erfurt<\/p>\n<p>Anna Reinhardt<br \/>\nE-Mail:\u00a0\u00a0<a href=\"mailto:ksg-erfurt@bistum-erfurt.de\">ksg-erfurt@bistum-erfurt.de<\/a><br \/>\nTelefon: <a href=\"tel: 493615611284\">0361 \/ 56 11 284<\/a><\/p>\n<p>Haftungshinweis: Trotz sorgf\u00e4ltiger inhaltlicher Kontrolle \u00fcbernehmen wir keine Haftung f\u00fcr die Inhalte externer Links. F\u00fcr den Inhalt der verlinkten Seiten sind ausschlie\u00dflich deren Betreiber verantwortlich.<\/p>","protected":false},"excerpt":{"rendered":"<p>Angaben gem\u00e4\u00df \u00a7 5 TMG: Katholische Studierendengemeinde Erfurt Fischersand 23 99084 Erfurt Anna Reinhardt E-Mail:\u00a0\u00a0ksg-erfurt@bistum-erfurt.de Telefon: 0361 \/ 56 11 284 Haftungshinweis: Trotz sorgf\u00e4ltiger inhaltlicher Kontrolle \u00fcbernehmen wir keine Haftung f\u00fcr die Inhalte externer Links. F\u00fcr den Inhalt der verlinkten Seiten sind ausschlie\u00dflich deren Betreiber verantwortlich.<\/p>","protected":false},"author":5,"featured_media":0,"parent":0,"menu_order":0,"comment_status":"closed","ping_status":"closed","template":"","meta":{"neve_meta_sidebar":"","neve_meta_container":"","neve_meta_enable_content_width":"","neve_meta_content_width":0,"neve_meta_title_alignment":"","neve_meta_author_avatar":"","neve_post_elements_order":"","neve_meta_disable_header":"","neve_meta_disable_footer":"","neve_meta_disable_title":"","footnotes":""},"_links":{"self":[{"href":"https:\/\/www.ksg-erfurt.de\/en\/wp-json\/wp\/v2\/pages\/2318"}],"collection":[{"href":"https:\/\/www.ksg-erfurt.de\/en\/wp-json\/wp\/v2\/pages"}],"about":[{"href":"https:\/\/www.ksg-erfurt.de\/en\/wp-json\/wp\/v2\/types\/page"}],"author":[{"embeddable":true,"href":"https:\/\/www.ksg-erfurt.de\/en\/wp-json\/wp\/v2\/users\/5"}],"replies":[{"embeddable":true,"href":"https:\/\/www.ksg-erfurt.de\/en\/wp-json\/wp\/v2\/comments?post=2318"}],"version-history":[{"count":7,"href":"https:\/\/www.ksg-erfurt.de\/en\/wp-json\/wp\/v2\/pages\/2318\/revisions"}],"predecessor-version":[{"id":4349,"href":"https:\/\/www.ksg-erfurt.de\/en\/wp-json\/wp\/v2\/pages\/2318\/revisions\/4349"}],"wp:attachment":[{"href":"https:\/\/www.ksg-erfurt.de\/en\/wp-json\/wp\/v2\/media?parent=2318"}],"curies":[{"name":"wp","href":"https:\/\/api.w.org\/{rel}","templated":true}]}}